{"id":2099,"date":"2017-03-22T10:43:56","date_gmt":"2017-03-22T10:43:56","guid":{"rendered":"https:\/\/www.saxpolymers.com\/en\/?page_id=2099"},"modified":"2017-10-10T17:00:15","modified_gmt":"2017-10-10T17:00:15","slug":"recycling","status":"publish","type":"page","link":"https:\/\/www.saxpolymers.com\/en\/service\/recycling\/","title":{"rendered":"Recycling"},"content":{"rendered":"<p>SAX Polymers Qualit\u00e4ts-Regenerate und Regranulate durchlaufen den selben Prozess wie Neuware. Siebwechsler in modernsten Doppelschnecken-Extrudern sichern durch die Trennung physikalischer Feststoffe wie Kupfer, Alu und Holz vom Rohstoff die hohe Qualit\u00e4t des r\u00fcckgewonnenen Materials. Durch anschlie\u00dfendes Homogenisieren werden konstante Verarbeitungseigenschaften der Charge gew\u00e4hrleistet. Jede Charge wird in unsrem Labor gepr\u00fcft und mit Werkspr\u00fcfzeugnis ausgeliefert.<br \/>\n<br \/>\nUnabh\u00e4ngig von Form und Gr\u00f6\u00dfe zerkleinern unsere Shredder Anfahrfladen, Ang\u00fcsse und Ausschussteile. Das Aussondern grober Eisenteile erfolgt mittels \u00dcberbandmagnet. M\u00fchlen verarbeiten dieses Grobmaterial zu Mahlgut in jeder Korngr\u00f6\u00dfe. Anschlie\u00dfendes Entstauben und ein Allmetallabscheider sorgen f\u00fcr die endg\u00fcltig reine Qualit\u00e4t des Mahlguts. S\u00e4mtliche Verpackungsm\u00f6glichkeiten stehen auch hier zur Verf\u00fcgung.<\/p>\n","protected":false},"excerpt":{"rendered":"<p>SAX Polymers Qualit\u00e4ts-Regenerate und Regranulate durchlaufen den selben Prozess wie Neuware. Siebwechsler in modernsten Doppelschnecken-Extrudern sichern durch die Trennung physikalischer Feststoffe wie Kupfer, Alu und Holz vom Rohstoff die hohe Qualit\u00e4t des r\u00fcckgewonnenen Materials. Durch anschlie\u00dfendes Homogenisieren werden konstante Verarbeitungseigenschaften der Charge gew\u00e4hrleistet. Jede Charge wird in unsrem Labor gepr\u00fcft und mit Werkspr\u00fcfzeugnis ausgeliefert. Unabh\u00e4ngig [&hellip;]<\/p>\n","protected":false},"author":3,"featured_media":1817,"parent":2078,"menu_order":0,"comment_status":"closed","ping_status":"closed","template":"","meta":{"_acf_changed":false,"footnotes":""},"class_list":["post-2099","page","type-page","status-publish","has-post-thumbnail","hentry"],"acf":[],"_links":{"self":[{"href":"https:\/\/www.saxpolymers.com\/en\/wp-json\/wp\/v2\/pages\/2099","targetHints":{"allow":["GET"]}}],"collection":[{"href":"https:\/\/www.saxpolymers.com\/en\/wp-json\/wp\/v2\/pages"}],"about":[{"href":"https:\/\/www.saxpolymers.com\/en\/wp-json\/wp\/v2\/types\/page"}],"author":[{"embeddable":true,"href":"https:\/\/www.saxpolymers.com\/en\/wp-json\/wp\/v2\/users\/3"}],"replies":[{"embeddable":true,"href":"https:\/\/www.saxpolymers.com\/en\/wp-json\/wp\/v2\/comments?post=2099"}],"version-history":[{"count":6,"href":"https:\/\/www.saxpolymers.com\/en\/wp-json\/wp\/v2\/pages\/2099\/revisions"}],"predecessor-version":[{"id":2333,"href":"https:\/\/www.saxpolymers.com\/en\/wp-json\/wp\/v2\/pages\/2099\/revisions\/2333"}],"up":[{"embeddable":true,"href":"https:\/\/www.saxpolymers.com\/en\/wp-json\/wp\/v2\/pages\/2078"}],"wp:featuredmedia":[{"embeddable":true,"href":"https:\/\/www.saxpolymers.com\/en\/wp-json\/wp\/v2\/media\/1817"}],"wp:attachment":[{"href":"https:\/\/www.saxpolymers.com\/en\/wp-json\/wp\/v2\/media?parent=2099"}],"curies":[{"name":"wp","href":"https:\/\/api.w.org\/{rel}","templated":true}]}}