{"id":14,"date":"2016-04-12T12:35:01","date_gmt":"2016-04-12T12:35:01","guid":{"rendered":"https:\/\/www.saxpolymers.com\/si\/?page_id=14"},"modified":"2018-07-24T10:52:26","modified_gmt":"2018-07-24T08:52:26","slug":"one-stop-shop","status":"publish","type":"page","link":"https:\/\/www.saxpolymers.com\/si\/unternehmen\/one-stop-shop\/","title":{"rendered":"ONE STOP SHOP"},"content":{"rendered":"<p>Na\u0161a evropska polimerna mre\u017ea nam omogo\u010da, da dostavimo \u0161irok spekter tehni\u010dnih polimerov. Odlikujejo nas, ker ponujamo nepremagljivo razpolo\u017eljivost posebnih vrst, nudimo tehni\u010dno podporo na ravni proizvajalca ali \u010de so potrebne izku\u0161nje pri vzpostavljanju medregionalnih logisti\u010dnih konceptov. Zahvaljujo\u010d na\u0161im lastnim skladi\u0161\u010dem in tehni\u010dno usposobljenim ekipam na va\u0161i lokaciji, smo lahko obdr\u017eali procese distribucije, izdelkov, storitev in podpore na najni\u017eji mo\u017eni ravni, zahvaljujo\u010d na\u0161emu ONE STOP SHOP.<br \/>\n<br \/>\nDobra ideja postavlja tudi veliko vpra\u0161anj in tu smo za vas, da vam pomagamo pri ocenjevanju izvedljivosti, stro\u0161kov in proizvodnje. Kateri polimer izpolnjuje posebne zahteve dolo\u010dene aplikacije, katere standarde je treba upo\u0161tevati, kak\u0161ni so lahko nepotrebni dejavniki stro\u0161kov in kateri na\u010din obdelave je pravi? Veseli nas, da vam lahko svetujemo in se veselimo va\u0161ih vpra\u0161anj: +386 40 65 78 89.<\/p>\n<p><img loading=\"lazy\" decoding=\"async\" width=\"645\" height=\"645\" class=\"alignnone size-full wp-image-2818\" src=\"https:\/\/www.saxpolymers.com\/si\/wp-content\/uploads\/sites\/18\/Onestopshop_sax_eng.jpg\" alt=\"\" srcset=\"https:\/\/www.saxpolymers.com\/si\/wp-content\/uploads\/sites\/22\/Onestopshop_sax_eng.jpg 645w, https:\/\/www.saxpolymers.com\/si\/wp-content\/uploads\/sites\/22\/Onestopshop_sax_eng-150x150.jpg 150w, https:\/\/www.saxpolymers.com\/si\/wp-content\/uploads\/sites\/22\/Onestopshop_sax_eng-250x250.jpg 250w, https:\/\/www.saxpolymers.com\/si\/wp-content\/uploads\/sites\/22\/Onestopshop_sax_eng-120x120.jpg 120w\" sizes=\"auto, (max-width: 645px) 100vw, 645px\" \/><\/p>\n","protected":false},"excerpt":{"rendered":"<p>Na\u0161a evropska polimerna mre\u017ea nam omogo\u010da, da dostavimo \u0161irok spekter tehni\u010dnih polimerov. Odlikujejo nas, ker ponujamo nepremagljivo razpolo\u017eljivost posebnih vrst, nudimo tehni\u010dno podporo na ravni proizvajalca ali \u010de so potrebne izku\u0161nje pri vzpostavljanju medregionalnih logisti\u010dnih konceptov. Zahvaljujo\u010d na\u0161im lastnim skladi\u0161\u010dem in tehni\u010dno usposobljenim ekipam na va\u0161i lokaciji, smo lahko obdr\u017eali procese distribucije, izdelkov, storitev in [&hellip;]<\/p>\n","protected":false},"author":1,"featured_media":2613,"parent":365,"menu_order":0,"comment_status":"closed","ping_status":"closed","template":"","meta":{"_acf_changed":false,"footnotes":""},"class_list":["post-14","page","type-page","status-publish","has-post-thumbnail","hentry"],"acf":[],"_links":{"self":[{"href":"https:\/\/www.saxpolymers.com\/si\/wp-json\/wp\/v2\/pages\/14","targetHints":{"allow":["GET"]}}],"collection":[{"href":"https:\/\/www.saxpolymers.com\/si\/wp-json\/wp\/v2\/pages"}],"about":[{"href":"https:\/\/www.saxpolymers.com\/si\/wp-json\/wp\/v2\/types\/page"}],"author":[{"embeddable":true,"href":"https:\/\/www.saxpolymers.com\/si\/wp-json\/wp\/v2\/users\/1"}],"replies":[{"embeddable":true,"href":"https:\/\/www.saxpolymers.com\/si\/wp-json\/wp\/v2\/comments?post=14"}],"version-history":[{"count":14,"href":"https:\/\/www.saxpolymers.com\/si\/wp-json\/wp\/v2\/pages\/14\/revisions"}],"predecessor-version":[{"id":3056,"href":"https:\/\/www.saxpolymers.com\/si\/wp-json\/wp\/v2\/pages\/14\/revisions\/3056"}],"up":[{"embeddable":true,"href":"https:\/\/www.saxpolymers.com\/si\/wp-json\/wp\/v2\/pages\/365"}],"wp:featuredmedia":[{"embeddable":true,"href":"https:\/\/www.saxpolymers.com\/si\/wp-json\/wp\/v2\/media\/2613"}],"wp:attachment":[{"href":"https:\/\/www.saxpolymers.com\/si\/wp-json\/wp\/v2\/media?parent=14"}],"curies":[{"name":"wp","href":"https:\/\/api.w.org\/{rel}","templated":true}]}}