{"id":1895,"date":"2017-01-31T12:19:08","date_gmt":"2017-01-31T12:19:08","guid":{"rendered":"https:\/\/www.saxpolymers.com\/si\/unternehmen-clone\/"},"modified":"2018-04-03T12:23:09","modified_gmt":"2018-04-03T10:23:09","slug":"saxbatch","status":"publish","type":"page","link":"https:\/\/www.saxpolymers.com\/si\/produkte\/saxbatch\/","title":{"rendered":"SAX Batch"},"content":{"rendered":"<p>SAX Batchi so visoko kakovostni barvni koncentrati za mnoge tipe plastike in postopke obdelave in so razdeljeni v \u0161tiri skupine: barvno, aditivno, efektivno in kombinirani masterbatchi.<br \/>\nIndividualno se usklajujejo z aplikacijo in jih je mogo\u010de prilagoditi vsem mo\u017enim odtenkom za \u0161tevilne u\u010dinke. Trenutno je na voljo ve\u010d kot 6000 obstoje\u010dih receptov. Ta ogromni razpon dovoljuje maksimalno skladnost s specifikacijami materiala in projektiranja.<br \/>\nZahvaljujo\u010d sodobni infrastrukturi SAX Batch omogo\u010da, da se proizvajajo najmanj\u0161e koli\u010dine od 1 kilograma do velikih koli\u010din.<br \/>\n<br \/>\n.<\/p>\n<div class=\"video-container\">\n<div class=\"BorlabsCookie _brlbs-cb-youtube\"><div class=\"_brlbs-content-blocker\"> <div class=\"_brlbs-embed _brlbs-video-youtube\"> <img class=\"_brlbs-thumbnail\" src=\"https:\/\/www.saxpolymers.com\/si\/wp-content\/plugins\/borlabs-cookie\/assets\/images\/cb-no-thumbnail.png\" alt=\"YouTube\"> <div class=\"_brlbs-caption\"> <p>Mit dem Laden des Videos akzeptieren Sie die Datenschutzerkl\u00e4rung von YouTube.<br><a href=\"https:\/\/policies.google.com\/privacy\" target=\"_blank\" rel=\"nofollow noopener noreferrer\">Mehr erfahren<\/a><\/p> <p><a class=\"_brlbs-btn _brlbs-icon-play-white\" href=\"#\" data-borlabs-cookie-unblock role=\"button\">Video laden<\/a><\/p> <p><label><input type=\"checkbox\" name=\"unblockAll\" value=\"1\" checked> <small>YouTube immer entsperren<\/small><\/label><\/p> <\/div> <\/div> <\/div><div class=\"borlabs-hide\" data-borlabs-cookie-type=\"content-blocker\" data-borlabs-cookie-id=\"youtube\"><script type=\"text\/template\">PGlmcmFtZSBjbGFzcz0idmlkZW8iIHNyYz0iaHR0cHM6Ly93d3cueW91dHViZS1ub2Nvb2tpZS5jb20vZW1iZWQvRDdDckZCU0V4VVU\/cmVsPTAmYW1wO3Nob3dpbmZvPTAiIGZyYW1lYm9yZGVyPSIwIiBhbGxvd2Z1bGxzY3JlZW4+PC9pZnJhbWU+<\/script><\/div><\/div>\n<\/div>\n","protected":false},"excerpt":{"rendered":"<p>SAX Batchi so visoko kakovostni barvni koncentrati za mnoge tipe plastike in postopke obdelave in so razdeljeni v \u0161tiri skupine: barvno, aditivno, efektivno in kombinirani masterbatchi. Individualno se usklajujejo z aplikacijo in jih je mogo\u010de prilagoditi vsem mo\u017enim odtenkom za \u0161tevilne u\u010dinke. Trenutno je na voljo ve\u010d kot 6000 obstoje\u010dih receptov. Ta ogromni razpon dovoljuje [&hellip;]<\/p>\n","protected":false},"author":1,"featured_media":1902,"parent":301,"menu_order":0,"comment_status":"closed","ping_status":"closed","template":"","meta":{"_acf_changed":false,"footnotes":""},"class_list":["post-1895","page","type-page","status-publish","has-post-thumbnail","hentry"],"acf":[],"_links":{"self":[{"href":"https:\/\/www.saxpolymers.com\/si\/wp-json\/wp\/v2\/pages\/1895","targetHints":{"allow":["GET"]}}],"collection":[{"href":"https:\/\/www.saxpolymers.com\/si\/wp-json\/wp\/v2\/pages"}],"about":[{"href":"https:\/\/www.saxpolymers.com\/si\/wp-json\/wp\/v2\/types\/page"}],"author":[{"embeddable":true,"href":"https:\/\/www.saxpolymers.com\/si\/wp-json\/wp\/v2\/users\/1"}],"replies":[{"embeddable":true,"href":"https:\/\/www.saxpolymers.com\/si\/wp-json\/wp\/v2\/comments?post=1895"}],"version-history":[{"count":23,"href":"https:\/\/www.saxpolymers.com\/si\/wp-json\/wp\/v2\/pages\/1895\/revisions"}],"predecessor-version":[{"id":2919,"href":"https:\/\/www.saxpolymers.com\/si\/wp-json\/wp\/v2\/pages\/1895\/revisions\/2919"}],"up":[{"embeddable":true,"href":"https:\/\/www.saxpolymers.com\/si\/wp-json\/wp\/v2\/pages\/301"}],"wp:featuredmedia":[{"embeddable":true,"href":"https:\/\/www.saxpolymers.com\/si\/wp-json\/wp\/v2\/media\/1902"}],"wp:attachment":[{"href":"https:\/\/www.saxpolymers.com\/si\/wp-json\/wp\/v2\/media?parent=1895"}],"curies":[{"name":"wp","href":"https:\/\/api.w.org\/{rel}","templated":true}]}}