{"id":1904,"date":"2017-01-31T12:27:06","date_gmt":"2017-01-31T12:27:06","guid":{"rendered":"https:\/\/www.saxpolymers.com\/si\/?page_id=1904"},"modified":"2018-04-03T12:25:22","modified_gmt":"2018-04-03T10:25:22","slug":"ral","status":"publish","type":"page","link":"https:\/\/www.saxpolymers.com\/si\/produkte\/saxbatch\/ral\/","title":{"rendered":"SAX RAL barve"},"content":{"rendered":"<p>SAX\u00ae RAL asortiment pokriva 29 konvencionalnih masterbatchev za univerzalno uporabo. Zaradi svoje univerzalne sestave so se te serije dokazale v PE, PP, PA, PBT, TPE in pogosto v ABS in POM. Vse barve imajo zelo visoko stopnjo svetlobne obstojnosti [7-8] in so glede na uporabljene pigmente odporne na temperature 240 \u00b0C\u2012290 \u00b0C. SAX\u00ae RAL asortima je fiziolo\u0161ko ne\u0161kodljiv in v skladu s splo\u0161nimi pravnimi evropskimi smernicami.<br \/>\n<br \/>\n\u017delene barve ni tam? Brez te\u017eav \u2012 ustvarili bomo \u017eeleno barvo v skladu z vzorci ali standardiziranimi barvnimi tabelami. Masterbatchi so na splo\u0161no osnovani za univerzalni substrat, poleg tega jih je mogo\u010de individualno prilagoditi tudi za va\u0161 polimer.<br \/>\n<\/p>\n<p><img decoding=\"async\" src=\"https:\/\/www.saxpolymers.com\/wp-content\/uploads\/sites\/17\/foto_ral_en.png\" alt=\"\" class=\"alignnone size-full wp-image-1914\" \/><\/p>\n","protected":false},"excerpt":{"rendered":"<p>SAX\u00ae RAL asortiment pokriva 29 konvencionalnih masterbatchev za univerzalno uporabo. Zaradi svoje univerzalne sestave so se te serije dokazale v PE, PP, PA, PBT, TPE in pogosto v ABS in POM. Vse barve imajo zelo visoko stopnjo svetlobne obstojnosti [7-8] in so glede na uporabljene pigmente odporne na temperature 240 \u00b0C\u2012290 \u00b0C. SAX\u00ae RAL asortima [&hellip;]<\/p>\n","protected":false},"author":1,"featured_media":1911,"parent":1895,"menu_order":0,"comment_status":"closed","ping_status":"closed","template":"","meta":{"_acf_changed":false,"footnotes":""},"class_list":["post-1904","page","type-page","status-publish","has-post-thumbnail","hentry"],"acf":[],"_links":{"self":[{"href":"https:\/\/www.saxpolymers.com\/si\/wp-json\/wp\/v2\/pages\/1904","targetHints":{"allow":["GET"]}}],"collection":[{"href":"https:\/\/www.saxpolymers.com\/si\/wp-json\/wp\/v2\/pages"}],"about":[{"href":"https:\/\/www.saxpolymers.com\/si\/wp-json\/wp\/v2\/types\/page"}],"author":[{"embeddable":true,"href":"https:\/\/www.saxpolymers.com\/si\/wp-json\/wp\/v2\/users\/1"}],"replies":[{"embeddable":true,"href":"https:\/\/www.saxpolymers.com\/si\/wp-json\/wp\/v2\/comments?post=1904"}],"version-history":[{"count":20,"href":"https:\/\/www.saxpolymers.com\/si\/wp-json\/wp\/v2\/pages\/1904\/revisions"}],"predecessor-version":[{"id":2920,"href":"https:\/\/www.saxpolymers.com\/si\/wp-json\/wp\/v2\/pages\/1904\/revisions\/2920"}],"up":[{"embeddable":true,"href":"https:\/\/www.saxpolymers.com\/si\/wp-json\/wp\/v2\/pages\/1895"}],"wp:featuredmedia":[{"embeddable":true,"href":"https:\/\/www.saxpolymers.com\/si\/wp-json\/wp\/v2\/media\/1911"}],"wp:attachment":[{"href":"https:\/\/www.saxpolymers.com\/si\/wp-json\/wp\/v2\/media?parent=1904"}],"curies":[{"name":"wp","href":"https:\/\/api.w.org\/{rel}","templated":true}]}}