{"id":1952,"date":"2017-03-03T10:56:42","date_gmt":"2017-03-03T10:56:42","guid":{"rendered":"https:\/\/www.saxpolymers.com\/si\/?page_id=1952"},"modified":"2018-07-24T11:34:31","modified_gmt":"2018-07-24T09:34:31","slug":"werkstoff-nach-mass","status":"publish","type":"page","link":"https:\/\/www.saxpolymers.com\/si\/service\/werkstoff-nach-mass\/","title":{"rendered":"Material po meri"},"content":{"rendered":"<p>Plasti\u010dne smole so popolnoma prilagojene zahtevam kupcev in so lahko neposredno obarvane, pre\u010di\u0161\u010dene ali modificirane z oja\u010ditvami. SAX\u00ae Polymers ponuja steklena vlakna, steklene kroglice, UV-za\u0161\u010dito, zaviralce gorenja, barvila, u\u010dinki vseh vrst in \u0161e veliko ve\u010d vse na enem mestu.<\/p>\n","protected":false},"excerpt":{"rendered":"<p>Plasti\u010dne smole so popolnoma prilagojene zahtevam kupcev in so lahko neposredno obarvane, pre\u010di\u0161\u010dene ali modificirane z oja\u010ditvami. SAX\u00ae Polymers ponuja steklena vlakna, steklene kroglice, UV-za\u0161\u010dito, zaviralce gorenja, barvila, u\u010dinki vseh vrst in \u0161e veliko ve\u010d vse na enem mestu.<\/p>\n","protected":false},"author":1,"featured_media":1817,"parent":2078,"menu_order":0,"comment_status":"closed","ping_status":"closed","template":"","meta":{"_acf_changed":false,"footnotes":""},"class_list":["post-1952","page","type-page","status-publish","has-post-thumbnail","hentry"],"acf":[],"_links":{"self":[{"href":"https:\/\/www.saxpolymers.com\/si\/wp-json\/wp\/v2\/pages\/1952","targetHints":{"allow":["GET"]}}],"collection":[{"href":"https:\/\/www.saxpolymers.com\/si\/wp-json\/wp\/v2\/pages"}],"about":[{"href":"https:\/\/www.saxpolymers.com\/si\/wp-json\/wp\/v2\/types\/page"}],"author":[{"embeddable":true,"href":"https:\/\/www.saxpolymers.com\/si\/wp-json\/wp\/v2\/users\/1"}],"replies":[{"embeddable":true,"href":"https:\/\/www.saxpolymers.com\/si\/wp-json\/wp\/v2\/comments?post=1952"}],"version-history":[{"count":12,"href":"https:\/\/www.saxpolymers.com\/si\/wp-json\/wp\/v2\/pages\/1952\/revisions"}],"predecessor-version":[{"id":2861,"href":"https:\/\/www.saxpolymers.com\/si\/wp-json\/wp\/v2\/pages\/1952\/revisions\/2861"}],"up":[{"embeddable":true,"href":"https:\/\/www.saxpolymers.com\/si\/wp-json\/wp\/v2\/pages\/2078"}],"wp:featuredmedia":[{"embeddable":true,"href":"https:\/\/www.saxpolymers.com\/si\/wp-json\/wp\/v2\/media\/1817"}],"wp:attachment":[{"href":"https:\/\/www.saxpolymers.com\/si\/wp-json\/wp\/v2\/media?parent=1952"}],"curies":[{"name":"wp","href":"https:\/\/api.w.org\/{rel}","templated":true}]}}