{"id":2089,"date":"2017-03-22T10:34:10","date_gmt":"2017-03-22T10:34:10","guid":{"rendered":"https:\/\/www.saxpolymers.com\/si\/dienstleistung\/farben-nach-mass-clone\/"},"modified":"2018-07-24T11:42:31","modified_gmt":"2018-07-24T09:42:31","slug":"lohnarbeit","status":"publish","type":"page","link":"https:\/\/www.saxpolymers.com\/si\/service\/lohnarbeit\/","title":{"rendered":"Services"},"content":{"rendered":"<p><strong>Storitev kompaundiranja<\/strong><br \/>\nVa\u0161a formula \u2012 na\u0161i stroji \u2012 na\u0161e znanje in izku\u0161nje!<br \/>\nPriskrbite nam va\u0161e surovine in izdelali bomo sestavino za vas, ki jo potrebujete. Lahko nam priskrbite vse sestavne surovine za zahtevani material ali samo osnovni polimer, mi pa ga bomo izpopolnili z dodatki. Ne glede na to, ali gre za majhne ali velike koli\u010dine, lahko predelujemo vse termoplaste od PE do PEEK-a.<br \/>\n<br \/>\n<strong>Storitev barvanja<\/strong><br \/>\nNa\u0161 sodoben strojni park omogo\u010da barvanje razli\u010dnih vrst termoplastov v naj\u0161ir\u0161em razponu barv. To omogo\u010da, da nam lahko kupec zagotovi osnovni polimer in barvni koncentrat. Obstaja tudi mo\u017enost, da na\u0161 barvni oddelek prilagodi material do zahtevanega tona v skladu z vzorcem (\u0161tevilko RAL ali komponento). Zelo smo prilagodljivi glede koli\u010din in ugodili bomo va\u0161im zahtevam glede barve za koli\u010dine od kilograma do ton.<br \/>\nOdstranjevanje kovin<br \/>\nPlasti\u010dne smole so v\u010dasih nehote kontaminirane s kovinskimi delci. \u010ce je tako, vam lahko pomagamo tudi z najnovej\u0161im sistemom odstranjevanja kovin, saj lahko filtriramo tako magnetne kot nemagnetne kovine. To je mogo\u010de tudi za majhne koli\u010dine osnovnih polimerov\/kompaundov\/masterbatchev.<br \/>\n<br \/>\n<strong>Odstranjevanje prahu<\/strong><br \/>\nPrah v osnovnem plasti\u010dnem granulatu\/kompaundu\/masterbatchu lahko povzro\u010di ne\u017eelene napake, kot so \u010drne lise ali povr\u0161inske napake. Te onesna\u017eevalce je mogo\u010de odstraniti z na\u0161imi napravami za odstranjevanje prahu, da s tem omogo\u010dimo \u0161e bolj zanesljiv proces. Smo prilagodljivi in lahko se prilagodimo va\u0161im potrebam glede koli\u010dine prahu, ki ga je treba odstraniti.<br \/>\n<br \/>\n<strong>Su\u0161enje<\/strong><br \/>\nV mnogih primerih se zaradi po\u0161kodbe pri transport, nepravilnega skladi\u0161\u010denja ali pakiranja pojavi vlaga v plasti\u010dnem granulatu, kar ote\u017euje ali celo onemogo\u010da predelavo. Na\u0161a sodobna su\u0161ilna naprava vam lahko pri tem pomaga. Po postopku su\u0161enja je material skrbno zapakiran, tako da je pripravljen za ponovno uporabo v nadaljnjih postopkih.<br \/>\n<br \/>\n<strong>Ponovno pakiranje<\/strong><br \/>\nV primeru po\u0161kodbe embala\u017ee med transportom ali \u010de niste prejeli zahtevanega materiala v embala\u017ei prave velikosti, lahko za vas ponovno pakiramo material v zahtevano embala\u017eo zahtevane velikosti. To opravimo hitro, enostavno in z najve\u010djo skrbnostjo. To storitev ponujamo tako za majhne kot za velike koli\u010dine.<br \/>\n<br \/>\n<strong>Recikliranje<\/strong><br \/>\nSAX Polymers Quality regenerati in regranulati prehajajo skozi isti postopek kot proizvodnja novih granulatov. S fizi\u010dnim lo\u010devanjem trdnih snovi iz surovega materiala, kot so baker, aluminij in les, na situ na najnovej\u0161ih ekstruderjih z dvojnim vijakom zagotavljamo visoko kakovost recikliranega materiala. Predhodna homogenizacija zagotavlja konstantne lastnosti proizvedene \u0161ar\u017ee. Vsaka \u0161ar\u017ea je presku\u0161ena v na\u0161em laboratoriju in dostavljena z analiznim certifikatom.<br \/>\n<br \/>\nNe glede na obliko in velikost na\u0161i drobilniki meljejo ostanke pri \u010di\u0161\u010denju brizgalne enote, dolivke in izmet. Kovinski delci se odstranijo s pomo\u010djo magnetnega separatorja. Mlini zmeljejo grobi material v kon\u010dni material v vsako \u017eeleno velikost delcev. Odstranjevanje prahu in popolni separator kovin zagotavljata brezhibno kakovost zmletega materiala. Mo\u017ene so vse oblike pakiranja.<\/p>\n","protected":false},"excerpt":{"rendered":"<p>Storitev kompaundiranja Va\u0161a formula \u2012 na\u0161i stroji \u2012 na\u0161e znanje in izku\u0161nje! Priskrbite nam va\u0161e surovine in izdelali bomo sestavino za vas, ki jo potrebujete. Lahko nam priskrbite vse sestavne surovine za zahtevani material ali samo osnovni polimer, mi pa ga bomo izpopolnili z dodatki. Ne glede na to, ali gre za majhne ali velike [&hellip;]<\/p>\n","protected":false},"author":1,"featured_media":1817,"parent":2078,"menu_order":0,"comment_status":"closed","ping_status":"closed","template":"","meta":{"_acf_changed":false,"footnotes":""},"class_list":["post-2089","page","type-page","status-publish","has-post-thumbnail","hentry"],"acf":[],"_links":{"self":[{"href":"https:\/\/www.saxpolymers.com\/si\/wp-json\/wp\/v2\/pages\/2089","targetHints":{"allow":["GET"]}}],"collection":[{"href":"https:\/\/www.saxpolymers.com\/si\/wp-json\/wp\/v2\/pages"}],"about":[{"href":"https:\/\/www.saxpolymers.com\/si\/wp-json\/wp\/v2\/types\/page"}],"author":[{"embeddable":true,"href":"https:\/\/www.saxpolymers.com\/si\/wp-json\/wp\/v2\/users\/1"}],"replies":[{"embeddable":true,"href":"https:\/\/www.saxpolymers.com\/si\/wp-json\/wp\/v2\/comments?post=2089"}],"version-history":[{"count":29,"href":"https:\/\/www.saxpolymers.com\/si\/wp-json\/wp\/v2\/pages\/2089\/revisions"}],"predecessor-version":[{"id":2864,"href":"https:\/\/www.saxpolymers.com\/si\/wp-json\/wp\/v2\/pages\/2089\/revisions\/2864"}],"up":[{"embeddable":true,"href":"https:\/\/www.saxpolymers.com\/si\/wp-json\/wp\/v2\/pages\/2078"}],"wp:featuredmedia":[{"embeddable":true,"href":"https:\/\/www.saxpolymers.com\/si\/wp-json\/wp\/v2\/media\/1817"}],"wp:attachment":[{"href":"https:\/\/www.saxpolymers.com\/si\/wp-json\/wp\/v2\/media?parent=2089"}],"curies":[{"name":"wp","href":"https:\/\/api.w.org\/{rel}","templated":true}]}}