{"id":365,"date":"2016-06-02T07:05:34","date_gmt":"2016-06-02T07:05:34","guid":{"rendered":"https:\/\/www.saxpolymers.com\/si\/?page_id=365"},"modified":"2018-04-03T12:26:44","modified_gmt":"2018-04-03T10:26:44","slug":"unternehmen","status":"publish","type":"page","link":"https:\/\/www.saxpolymers.com\/si\/unternehmen\/","title":{"rendered":"Podjetje"},"content":{"rendered":"<p>SAX\u00ae Polymers je specializiran za proizvodnjo, predelavo in barvanje tehni\u010dnih plastik. Poleg standardne palete izdelkov in masterbatchev podjetje z ISO 9001 certificiranimi proizvodnimi obrati na Dunaju (Avstrija) in Oberrietu (\u0160vica) ponuja tehni\u010dne re\u0161itve za plasti\u010dne granulate, prilagojene potrebam svojih strank.<br \/>\n<br \/>\nLastna paleta plasti\u010dnih granulatov zajema \u0161tevilne visoko kakovostne izdelke. Lahko se obarvajo, rafinirajo ali modificirajo z razli\u010dnimi oja\u010ditvami. Uporaba sodobnih dvojnih vija\u010dnih ekstrudorjev omogo\u010da obdelavo vseh tehni\u010dnih polimerov v visoko kakovostne kompaunde. Lasten laboratorij je sposoben izdelati podrobno analizo materialov in izvaja kontrolo kakovosti.<br \/>\n<br \/>\nSAX\u00ae Polymers je del Hromatka skupine, uveljavljene skupine za distribucijo na evropskem trgu plasti\u010dnih granulatov. Skupina Hromatka ima obse\u017een portfelj izdelkov z uveljavljenim mednarodnim poudarkom in strokovnim znanjem.<br \/>\n<br \/>\n.<\/p>\n<div class=\"video-container\">\n<div class=\"BorlabsCookie _brlbs-cb-youtube\"><div class=\"_brlbs-content-blocker\"> <div class=\"_brlbs-embed _brlbs-video-youtube\"> <img class=\"_brlbs-thumbnail\" src=\"https:\/\/www.saxpolymers.com\/si\/wp-content\/plugins\/borlabs-cookie\/assets\/images\/cb-no-thumbnail.png\" alt=\"YouTube\"> <div class=\"_brlbs-caption\"> <p>Mit dem Laden des Videos akzeptieren Sie die Datenschutzerkl\u00e4rung von YouTube.<br><a href=\"https:\/\/policies.google.com\/privacy\" target=\"_blank\" rel=\"nofollow noopener noreferrer\">Mehr erfahren<\/a><\/p> <p><a class=\"_brlbs-btn _brlbs-icon-play-white\" href=\"#\" data-borlabs-cookie-unblock role=\"button\">Video laden<\/a><\/p> <p><label><input type=\"checkbox\" name=\"unblockAll\" value=\"1\" checked> <small>YouTube immer entsperren<\/small><\/label><\/p> <\/div> <\/div> <\/div><div class=\"borlabs-hide\" data-borlabs-cookie-type=\"content-blocker\" data-borlabs-cookie-id=\"youtube\"><script type=\"text\/template\">PGlmcmFtZSBjbGFzcz0idmlkZW8iIHNyYz0iaHR0cHM6Ly93d3cueW91dHViZS1ub2Nvb2tpZS5jb20vZW1iZWQvRDdDckZCU0V4VVU\/cmVsPTAmYW1wO3Nob3dpbmZvPTAiIGZyYW1lYm9yZGVyPSIwIiBhbGxvd2Z1bGxzY3JlZW4+PC9pZnJhbWU+<\/script><\/div><\/div>\n<\/div>\n<p>.<br \/>\n<br \/>\nSAX Polymers d.o.o.<br \/>\nIpav\u010deva ulica 32 | 3000 Celje<br \/>\nSlovenija<br \/>\n+386 40 657 889<br \/>\noffice@saxpolymers.at<\/p>\n","protected":false},"excerpt":{"rendered":"<p>SAX\u00ae Polymers je specializiran za proizvodnjo, predelavo in barvanje tehni\u010dnih plastik. Poleg standardne palete izdelkov in masterbatchev podjetje z ISO 9001 certificiranimi proizvodnimi obrati na Dunaju (Avstrija) in Oberrietu (\u0160vica) ponuja tehni\u010dne re\u0161itve za plasti\u010dne granulate, prilagojene potrebam svojih strank. Lastna paleta plasti\u010dnih granulatov zajema \u0161tevilne visoko kakovostne izdelke. Lahko se obarvajo, rafinirajo ali modificirajo [&hellip;]<\/p>\n","protected":false},"author":1,"featured_media":2613,"parent":0,"menu_order":0,"comment_status":"closed","ping_status":"closed","template":"","meta":{"_acf_changed":false,"footnotes":""},"class_list":["post-365","page","type-page","status-publish","has-post-thumbnail","hentry"],"acf":[],"_links":{"self":[{"href":"https:\/\/www.saxpolymers.com\/si\/wp-json\/wp\/v2\/pages\/365","targetHints":{"allow":["GET"]}}],"collection":[{"href":"https:\/\/www.saxpolymers.com\/si\/wp-json\/wp\/v2\/pages"}],"about":[{"href":"https:\/\/www.saxpolymers.com\/si\/wp-json\/wp\/v2\/types\/page"}],"author":[{"embeddable":true,"href":"https:\/\/www.saxpolymers.com\/si\/wp-json\/wp\/v2\/users\/1"}],"replies":[{"embeddable":true,"href":"https:\/\/www.saxpolymers.com\/si\/wp-json\/wp\/v2\/comments?post=365"}],"version-history":[{"count":39,"href":"https:\/\/www.saxpolymers.com\/si\/wp-json\/wp\/v2\/pages\/365\/revisions"}],"predecessor-version":[{"id":2921,"href":"https:\/\/www.saxpolymers.com\/si\/wp-json\/wp\/v2\/pages\/365\/revisions\/2921"}],"wp:featuredmedia":[{"embeddable":true,"href":"https:\/\/www.saxpolymers.com\/si\/wp-json\/wp\/v2\/media\/2613"}],"wp:attachment":[{"href":"https:\/\/www.saxpolymers.com\/si\/wp-json\/wp\/v2\/media?parent=365"}],"curies":[{"name":"wp","href":"https:\/\/api.w.org\/{rel}","templated":true}]}}