{"id":409,"date":"2016-06-02T08:45:42","date_gmt":"2016-06-02T08:45:42","guid":{"rendered":"https:\/\/www.saxpolymers.com\/si\/?page_id=409"},"modified":"2017-10-11T20:31:10","modified_gmt":"2017-10-11T18:31:10","slug":"impressum","status":"publish","type":"page","link":"https:\/\/www.saxpolymers.com\/si\/impressum\/","title":{"rendered":"Impressum"},"content":{"rendered":"<p>SAX Polymers Industrie GmbH<br \/>\nLichtblaustra\u00dfe 8 | A-1220 Wien<br \/>\n+43 1 255 99 00<br \/>\nFirmenbuchnr.: FN 261309 D<br \/>\nHandelsgericht Wien<br \/>\nUID-Nr. ATU61729847<br \/>\nSteuer Nr. 184\/5663<br \/>\n<a class=\"textlink\" href=\"mailto:%20office@saxpolymers.at\">office@saxpolymers.at<br \/>\n<\/a><span style=\"color: #ffffff;\">.<\/span><br \/>\nSAX Polymers Industrie AG<br \/>\nIm Kessler | CH-9463 Oberriet<br \/>\n+41 71 7636600<br \/>\nFirmenbuchnr.: CH-320.3.057.667-3.<br \/>\nHandelsgericht St. Gallen<br \/>\nMWST-NR. 624748<br \/>\nZAZ-NR. 9433-3<br \/>\n<a class=\"textlink\" href=\"mailto:office@saxpolymers.ch\">office@saxpolymers.ch<\/a><br \/>\n<br \/>\n<b>Haftungsausschluss und Datenschutzerkl\u00e4rung<\/b><br \/>\n<br \/>\nVerweise und Links<br \/>\nBei direkten oder indirekten Verweisen auf fremde Webseiten (\u201cHyperlinks\u201d), die au\u00dferhalb unseres Verantwortungsbereiches liegen, w\u00fcrde eine Haftungsverpflichtung ausschlie\u00dflich in dem Fall in Kraft treten, in dem wir von den Inhalten Kenntnis haben und es uns technisch m\u00f6glich und zumutbar w\u00e4re, die Nutzung im Falle rechtswidriger Inhalte zu verhindern.<br \/>\nWir erkl\u00e4ren hiermit ausdr\u00fccklich, dass zum Zeitpunkt der Linksetzung keine illegalen Inhalte auf den zu verlinkenden Seiten erkennbar waren. Auf die aktuelle und zuk\u00fcnftige Gestaltung, die Inhalte oder die Urheberschaft der verlinkten\/verkn\u00fcpften Seiten haben wir keinerlei Einfluss. Deshalb distanzieren wir uns hiermit ausdr\u00fccklich von allen Inhalten aller verlinkten \/verkn\u00fcpften Seiten, die nach der Linksetzung ver\u00e4ndert wurden. Diese Feststellung gilt f\u00fcr alle innerhalb des eigenen Internetangebotes gesetzten Links und Verweise sowie f\u00fcr Fremdeintr\u00e4ge in von uns eingerichteten G\u00e4steb\u00fcchern, Diskussionsforen, Linkverzeichnissen, Mailinglisten und in allen anderen Formen von Datenbanken, auf deren Inhalt externe Schreibzugriffe m\u00f6glich sind. F\u00fcr illegale, fehlerhafte oder unvollst\u00e4ndige Inhalte und insbesondere f\u00fcr Sch\u00e4den, die aus der Nutzung oder Nichtnutzung solcherart dargebotener Informationen entstehen, haftet allein der Anbieter der Seite, auf welche verwiesen wurde, nicht derjenige, der \u00fcber Links auf die jeweilige Ver\u00f6ffentlichung lediglich verweist.<br \/>\n<br \/>\nDatenschutzerkl\u00e4rung f\u00fcr die Nutzung von Google Analytics<br \/>\nDiese Website nutzt Funktionen des Webanalysedienstes Google Analytics. Anbieter ist die Google Inc. 1600 Amphitheatre Parkway Mountain View, CA 94043, USA. Google Analytics verwendet sog. &#8220;Cookies&#8221;. Das sind Textdateien, die auf Ihrem Computer gespeichert werden und die eine Analyse der Benutzung der Website durch Sie erm\u00f6glichen. Die durch den Cookie erzeugten Informationen \u00fcber Ihre Benutzung dieser Website werden in der Regel an einen Server von Google in den USA \u00fcbertragen und dort gespeichert.<br \/>\nIm Falle der Aktivierung der IP-Anonymisierung auf dieser Webseite wird Ihre IP-Adresse von Google jedoch innerhalb von Mitgliedstaaten der Europ\u00e4ischen Union oder in anderen Vertragsstaaten des Abkommens \u00fcber den Europ\u00e4ischen Wirtschaftsraum zuvor gek\u00fcrzt. Nur in Ausnahmef\u00e4llen wird die volle IP-Adresse an einen Server von Google in den USA \u00fcbertragen und dort gek\u00fcrzt. Im Auftrag des Betreibers dieser Website wird Google diese Informationen benutzen, um Ihre Nutzung der Website auszuwerten, um Reports \u00fcber die Websiteaktivit\u00e4ten zusammenzustellen und um weitere mit der Websitenutzung und der Internetnutzung verbundene Dienstleistungen gegen\u00fcber dem Websitebetreiber zu erbringen. Die im Rahmen von Google Analytics von Ihrem Browser \u00fcbermittelte IP-Adresse wird nicht mit anderen Daten von Google zusammengef\u00fchrt.<br \/>\nSie k\u00f6nnen die Speicherung der Cookies durch eine entsprechende Einstellung Ihrer Browser-Software verhindern; wir weisen Sie jedoch darauf hin, dass Sie in diesem Fall gegebenenfalls nicht s\u00e4mtliche Funktionen dieser Website vollumf\u00e4nglich werden nutzen k\u00f6nnen. Sie k\u00f6nnen dar\u00fcber hinaus die Erfassung der durch das Cookie erzeugten und auf Ihre Nutzung der Website bezogenen Daten (inkl. Ihrer IP-Adresse) an Google sowie die Verarbeitung dieser Daten durch Google verhindern, indem sie das unter dem folgenden Link verf\u00fcgbare Browser-Plugin herunterladen und installieren: http:\/\/tools.google.com\/dlpage\/gaoptout?hl=de<\/p>\n","protected":false},"excerpt":{"rendered":"<p>SAX Polymers Industrie GmbH Lichtblaustra\u00dfe 8 | A-1220 Wien +43 1 255 99 00 Firmenbuchnr.: FN 261309 D Handelsgericht Wien UID-Nr. ATU61729847 Steuer Nr. 184\/5663 office@saxpolymers.at . SAX Polymers Industrie AG Im Kessler | CH-9463 Oberriet +41 71 7636600 Firmenbuchnr.: CH-320.3.057.667-3. Handelsgericht St. Gallen MWST-NR. 624748 ZAZ-NR. 9433-3 office@saxpolymers.ch Haftungsausschluss und Datenschutzerkl\u00e4rung Verweise und Links [&hellip;]<\/p>\n","protected":false},"author":3,"featured_media":1817,"parent":0,"menu_order":0,"comment_status":"closed","ping_status":"closed","template":"","meta":{"_acf_changed":false,"footnotes":""},"class_list":["post-409","page","type-page","status-publish","has-post-thumbnail","hentry"],"acf":[],"_links":{"self":[{"href":"https:\/\/www.saxpolymers.com\/si\/wp-json\/wp\/v2\/pages\/409","targetHints":{"allow":["GET"]}}],"collection":[{"href":"https:\/\/www.saxpolymers.com\/si\/wp-json\/wp\/v2\/pages"}],"about":[{"href":"https:\/\/www.saxpolymers.com\/si\/wp-json\/wp\/v2\/types\/page"}],"author":[{"embeddable":true,"href":"https:\/\/www.saxpolymers.com\/si\/wp-json\/wp\/v2\/users\/3"}],"replies":[{"embeddable":true,"href":"https:\/\/www.saxpolymers.com\/si\/wp-json\/wp\/v2\/comments?post=409"}],"version-history":[{"count":7,"href":"https:\/\/www.saxpolymers.com\/si\/wp-json\/wp\/v2\/pages\/409\/revisions"}],"predecessor-version":[{"id":2518,"href":"https:\/\/www.saxpolymers.com\/si\/wp-json\/wp\/v2\/pages\/409\/revisions\/2518"}],"wp:featuredmedia":[{"embeddable":true,"href":"https:\/\/www.saxpolymers.com\/si\/wp-json\/wp\/v2\/media\/1817"}],"wp:attachment":[{"href":"https:\/\/www.saxpolymers.com\/si\/wp-json\/wp\/v2\/media?parent=409"}],"curies":[{"name":"wp","href":"https:\/\/api.w.org\/{rel}","templated":true}]}}