{"id":490,"date":"2016-06-02T13:53:58","date_gmt":"2016-06-02T13:53:58","guid":{"rendered":"https:\/\/www.saxpolymers.com\/si\/?page_id=490"},"modified":"2018-07-24T11:26:19","modified_gmt":"2018-07-24T09:26:19","slug":"labor","status":"publish","type":"page","link":"https:\/\/www.saxpolymers.com\/si\/service\/labor\/","title":{"rendered":"Laboratorij"},"content":{"rendered":"<p>Interni laboratorij igra posebno vlogo pri skupnem razvoju izdelkov in strankah. Nudimo vam popoln nadzor nad materiali in procesi do kon\u010dnega dela z obliko, postavitvijo in obdelavo.<br \/>\n<br \/>\nNa\u0161 laboratorij vam je na voljo pod naslovom Rent the lab. Uporabite to prilo\u017enost za razvoj idej.Testi v \u017eivo vam omogo\u010dajo hitre odgovore na vsaki stopnji razvoja izdelka. Laboratorij je idealno opremljen in prilagodljivo trajanje najema ustreza va\u0161emu projektu. \u00bbNaredite sami\u00ab je moto in zagotovljena je strokovna podpora. Kontaktirajte nas za sestanek, kjer bomo razpravljali o va\u0161ih individualnih zahtevah.<\/p>\n","protected":false},"excerpt":{"rendered":"<p>Interni laboratorij igra posebno vlogo pri skupnem razvoju izdelkov in strankah. Nudimo vam popoln nadzor nad materiali in procesi do kon\u010dnega dela z obliko, postavitvijo in obdelavo. Na\u0161 laboratorij vam je na voljo pod naslovom Rent the lab. Uporabite to prilo\u017enost za razvoj idej.Testi v \u017eivo vam omogo\u010dajo hitre odgovore na vsaki stopnji razvoja izdelka. [&hellip;]<\/p>\n","protected":false},"author":1,"featured_media":1936,"parent":2078,"menu_order":0,"comment_status":"closed","ping_status":"closed","template":"","meta":{"_acf_changed":false,"footnotes":""},"class_list":["post-490","page","type-page","status-publish","has-post-thumbnail","hentry"],"acf":[],"_links":{"self":[{"href":"https:\/\/www.saxpolymers.com\/si\/wp-json\/wp\/v2\/pages\/490","targetHints":{"allow":["GET"]}}],"collection":[{"href":"https:\/\/www.saxpolymers.com\/si\/wp-json\/wp\/v2\/pages"}],"about":[{"href":"https:\/\/www.saxpolymers.com\/si\/wp-json\/wp\/v2\/types\/page"}],"author":[{"embeddable":true,"href":"https:\/\/www.saxpolymers.com\/si\/wp-json\/wp\/v2\/users\/1"}],"replies":[{"embeddable":true,"href":"https:\/\/www.saxpolymers.com\/si\/wp-json\/wp\/v2\/comments?post=490"}],"version-history":[{"count":12,"href":"https:\/\/www.saxpolymers.com\/si\/wp-json\/wp\/v2\/pages\/490\/revisions"}],"predecessor-version":[{"id":3061,"href":"https:\/\/www.saxpolymers.com\/si\/wp-json\/wp\/v2\/pages\/490\/revisions\/3061"}],"up":[{"embeddable":true,"href":"https:\/\/www.saxpolymers.com\/si\/wp-json\/wp\/v2\/pages\/2078"}],"wp:featuredmedia":[{"embeddable":true,"href":"https:\/\/www.saxpolymers.com\/si\/wp-json\/wp\/v2\/media\/1936"}],"wp:attachment":[{"href":"https:\/\/www.saxpolymers.com\/si\/wp-json\/wp\/v2\/media?parent=490"}],"curies":[{"name":"wp","href":"https:\/\/api.w.org\/{rel}","templated":true}]}}