{"id":649,"date":"2016-06-23T10:26:00","date_gmt":"2016-06-23T10:26:00","guid":{"rendered":"https:\/\/www.saxpolymers.com\/si\/?page_id=649"},"modified":"2018-04-03T12:19:15","modified_gmt":"2018-04-03T10:19:15","slug":"saxalen","status":"publish","type":"page","link":"https:\/\/www.saxpolymers.com\/si\/produkte\/saxalen\/","title":{"rendered":"SAXALEN"},"content":{"rendered":"<p>SAXALEN\u2122 je trgovsko ime za kompaunde na osnovi polipropilena (PP) iz dru\u017eine SAX\u00ae polimerov. Ta delno kristalini\u010dni termoplast spada v skupino poleolefinov in z 20 % svetovne proizvodnje plastike zavzema drugo mesto najpomembnej\u0161ih plasti\u010dnih mas. Glede na kemi\u010dno sestavo polimera se ta plastika razvr\u0161\u010da kot PP-homopolimer (PP-H), PP-kopolimer (PP-C) ali naklju\u010dni kopolimer (PP-R). Zaradi tega so lastnosti podobne lastnostim polietilenov (PE), vendar PP prenese vi\u0161jo temperaturno toplotno deformacijo. PP ima nevtralen okus in vonj ter je prijazen ko\u017ei; njegova polarna narava pomeni, da se pona\u0161a z izjemno kemi\u010dno odpornostjo. Modifikacija s steklenimi vlakni, steklenimi kroglicami ali mineralnimi polnili ter z uporabo razli\u010dnih dodatkov omogo\u010da, da se ta material prilagodi razli\u010dnim zahtevam v razli\u010dnih panogah. Kot tak se material uporablja v vsakodnevnem \u017eivljenju, kot na primer za embala\u017eo, za hrano in izdelke za gospodinjstvo. Ta material se uporablja tudi v avtomobilski industriji in medicini s \u0161iroko paleto izdelkov. Igra\u010de in izdelki za otroke so tudi del \u0161irokega spektra uporabe PP.<br \/>\n<br \/>\nStandardno SAX\u00ae Polymers ponuja razli\u010dne vrste PP, ki vsebujejo \u0161iroko paleto polnila in oja\u010ditev (steklena vlakna, mineralna vlakna, steklene kroglice) kot tudi aditivov (UV-stabilizacija, zaviralce gorenja). V primeru, da kljub \u0161irokemu portfoliu izdelek za va\u0161o aplikacijo ni na voljo, bomo z veseljem razvili razli\u010dico, prilagojeno va\u0161im zahtevam.<\/p>\n","protected":false},"excerpt":{"rendered":"<p>SAXALEN\u2122 je trgovsko ime za kompaunde na osnovi polipropilena (PP) iz dru\u017eine SAX\u00ae polimerov. Ta delno kristalini\u010dni termoplast spada v skupino poleolefinov in z 20 % svetovne proizvodnje plastike zavzema drugo mesto najpomembnej\u0161ih plasti\u010dnih mas. Glede na kemi\u010dno sestavo polimera se ta plastika razvr\u0161\u010da kot PP-homopolimer (PP-H), PP-kopolimer (PP-C) ali naklju\u010dni kopolimer (PP-R). Zaradi tega [&hellip;]<\/p>\n","protected":false},"author":1,"featured_media":1817,"parent":301,"menu_order":0,"comment_status":"closed","ping_status":"closed","template":"","meta":{"_acf_changed":false,"footnotes":""},"class_list":["post-649","page","type-page","status-publish","has-post-thumbnail","hentry"],"acf":[],"_links":{"self":[{"href":"https:\/\/www.saxpolymers.com\/si\/wp-json\/wp\/v2\/pages\/649","targetHints":{"allow":["GET"]}}],"collection":[{"href":"https:\/\/www.saxpolymers.com\/si\/wp-json\/wp\/v2\/pages"}],"about":[{"href":"https:\/\/www.saxpolymers.com\/si\/wp-json\/wp\/v2\/types\/page"}],"author":[{"embeddable":true,"href":"https:\/\/www.saxpolymers.com\/si\/wp-json\/wp\/v2\/users\/1"}],"replies":[{"embeddable":true,"href":"https:\/\/www.saxpolymers.com\/si\/wp-json\/wp\/v2\/comments?post=649"}],"version-history":[{"count":24,"href":"https:\/\/www.saxpolymers.com\/si\/wp-json\/wp\/v2\/pages\/649\/revisions"}],"predecessor-version":[{"id":2914,"href":"https:\/\/www.saxpolymers.com\/si\/wp-json\/wp\/v2\/pages\/649\/revisions\/2914"}],"up":[{"embeddable":true,"href":"https:\/\/www.saxpolymers.com\/si\/wp-json\/wp\/v2\/pages\/301"}],"wp:featuredmedia":[{"embeddable":true,"href":"https:\/\/www.saxpolymers.com\/si\/wp-json\/wp\/v2\/media\/1817"}],"wp:attachment":[{"href":"https:\/\/www.saxpolymers.com\/si\/wp-json\/wp\/v2\/media?parent=649"}],"curies":[{"name":"wp","href":"https:\/\/api.w.org\/{rel}","templated":true}]}}