{"id":699,"date":"2016-06-23T13:47:08","date_gmt":"2016-06-23T13:47:08","guid":{"rendered":"https:\/\/www.saxpolymers.com\/si\/?page_id=699"},"modified":"2018-04-03T12:21:32","modified_gmt":"2018-04-03T10:21:32","slug":"saxaform","status":"publish","type":"page","link":"https:\/\/www.saxpolymers.com\/si\/produkte\/saxaform\/","title":{"rendered":"SAXAFORM"},"content":{"rendered":"<p>POM (polioksimetilen, znan tudi kot poliacetal) je eden najpogosteje uporabljenih delno kristalini\u010dnih polimerov. Material ima nadpovpre\u010dno trdnost in izjemno dimenzijsko stabilnost. Zaradi zelo visoke ravni kristalini\u010dnosti ima POM najni\u017ejo stopnjo obrabe vseh termoplastov. Na eni strani je material primeren kandidat za kolesa in zobnike ter za vse aplikacije, ki zahtevajo drsno trenje brez posebnih aditivov. Aplikacije v sektorju vtika\u010dev in stikal ter v strojni industriji dopolnjujejo \u0161irok spekter aplikacij POM-a.<br \/>\n<br \/><strong><br \/>\nTehni\u010dni list<\/strong><\/p>\n","protected":false},"excerpt":{"rendered":"<p>POM (polioksimetilen, znan tudi kot poliacetal) je eden najpogosteje uporabljenih delno kristalini\u010dnih polimerov. Material ima nadpovpre\u010dno trdnost in izjemno dimenzijsko stabilnost. Zaradi zelo visoke ravni kristalini\u010dnosti ima POM najni\u017ejo stopnjo obrabe vseh termoplastov. Na eni strani je material primeren kandidat za kolesa in zobnike ter za vse aplikacije, ki zahtevajo drsno trenje brez posebnih aditivov. [&hellip;]<\/p>\n","protected":false},"author":1,"featured_media":1817,"parent":301,"menu_order":0,"comment_status":"closed","ping_status":"closed","template":"","meta":{"_acf_changed":false,"footnotes":""},"class_list":["post-699","page","type-page","status-publish","has-post-thumbnail","hentry"],"acf":[],"_links":{"self":[{"href":"https:\/\/www.saxpolymers.com\/si\/wp-json\/wp\/v2\/pages\/699","targetHints":{"allow":["GET"]}}],"collection":[{"href":"https:\/\/www.saxpolymers.com\/si\/wp-json\/wp\/v2\/pages"}],"about":[{"href":"https:\/\/www.saxpolymers.com\/si\/wp-json\/wp\/v2\/types\/page"}],"author":[{"embeddable":true,"href":"https:\/\/www.saxpolymers.com\/si\/wp-json\/wp\/v2\/users\/1"}],"replies":[{"embeddable":true,"href":"https:\/\/www.saxpolymers.com\/si\/wp-json\/wp\/v2\/comments?post=699"}],"version-history":[{"count":17,"href":"https:\/\/www.saxpolymers.com\/si\/wp-json\/wp\/v2\/pages\/699\/revisions"}],"predecessor-version":[{"id":2917,"href":"https:\/\/www.saxpolymers.com\/si\/wp-json\/wp\/v2\/pages\/699\/revisions\/2917"}],"up":[{"embeddable":true,"href":"https:\/\/www.saxpolymers.com\/si\/wp-json\/wp\/v2\/pages\/301"}],"wp:featuredmedia":[{"embeddable":true,"href":"https:\/\/www.saxpolymers.com\/si\/wp-json\/wp\/v2\/media\/1817"}],"wp:attachment":[{"href":"https:\/\/www.saxpolymers.com\/si\/wp-json\/wp\/v2\/media?parent=699"}],"curies":[{"name":"wp","href":"https:\/\/api.w.org\/{rel}","templated":true}]}}